{"id":9663,"date":"2022-01-31T00:05:15","date_gmt":"2022-01-30T21:05:15","guid":{"rendered":"https:\/\/aybros.mekait.work\/?page_id=9663"},"modified":"2022-07-04T02:23:14","modified_gmt":"2022-07-03T23:23:14","slug":"site-haritasi","status":"publish","type":"page","link":"https:\/\/www.modesolardesign.com\/en\/site-haritasi\/","title":{"rendered":"Site Haritas\u0131"},"content":{"rendered":"<p>Sitemizde bulunan hizmetlerin ve di\u011fer sayfalar\u0131n hiyerar\u015fik d\u00fczende s\u0131ralanm\u0131\u015f haline bu sayfadan ula\u015fabilirsiniz. Bu sayfa Enkur OSGB&#8217;ye ait web sitesinin i\u00e7inde bulunan sayfalar\u0131 hiyerar\u015fik bir \u015fekilde g\u00f6stermektedir. Enkur OSGB site haritas\u0131 olarak, site i\u00e7inde kayboldu\u011funuzda bu sayfadan yard\u0131m alabilirsiniz. Bu sayfa; hizmetlerimize rahat\u00e7a ula\u015fman\u0131z\u0131 sa\u011flayacak, siteyi \u00e7ok daha fazla verimli kullanman\u0131z\u0131 sa\u011flayacakt\u0131r.<\/p>\n<ul>\n<li><i class=\"far fa-arrow-alt-circle-right pe-1 line-height-1\"><\/i><a href=\"https:\/\/enkurosgb.com.tr\/\" rel=\"nofollow noopener\" target=\"_blank\">Anasayfa<\/a><\/li>\n<li><i class=\"far fa-arrow-alt-circle-right pe-1 line-height-1\"><\/i><a href=\"https:\/\/enkurosgb.com.tr\/hizmetlerimiz\/\" rel=\"nofollow noopener\" target=\"_blank\">Hizmetlerimiz<\/a>\n<ul>\n<li><i class=\"far fa-arrow-alt-circle-right pe-1 line-height-1\"><\/i><a href=\"https:\/\/enkurosgb.com.tr\/izmir-osgb\/\" rel=\"nofollow noopener\" target=\"_blank\"><strong class=\"text-color-hover-secondary font-weight-normal text-color-primary\">Ortak Sa\u011fl\u0131k ve G\u00fcvenlik Birimi Hizmeti<\/strong><\/a><\/li>\n<li><i class=\"far fa-arrow-alt-circle-right pe-1 line-height-1\"><\/i><a href=\"https:\/\/enkurosgb.com.tr\/is-guvenligi-uzmani-hizmeti\/\" rel=\"nofollow noopener\" target=\"_blank\"><strong class=\"text-color-hover-secondary font-weight-normal text-color-primary\">\u0130\u015f G\u00fcvenli\u011fi Uzman\u0131 Hizmeti<\/strong><\/a><\/li>\n<li><i class=\"far fa-arrow-alt-circle-right pe-1 line-height-1\"><\/i><a href=\"https:\/\/enkurosgb.com.tr\/is-sagligi-ve-guvenligi-egitimleri\/\" rel=\"nofollow noopener\" target=\"_blank\"><strong class=\"text-color-hover-secondary font-weight-normal text-color-primary\">\u0130\u015f Sa\u011fl\u0131\u011f\u0131 ve G\u00fcvenli\u011fi E\u011fitimleri<\/strong><\/a><\/li>\n<li><i class=\"far fa-arrow-alt-circle-right pe-1 line-height-1\"><\/i><a href=\"https:\/\/enkurosgb.com.tr\/isyeri-acil-durum-eylem-plani\/\" rel=\"nofollow noopener\" target=\"_blank\"><strong class=\"text-color-hover-secondary font-weight-normal text-color-primary\">\u0130\u015fyeri Acil Durum Eylem Plan\u0131<\/strong><\/a><\/li>\n<li><i class=\"far fa-arrow-alt-circle-right pe-1 line-height-1\"><\/i><a href=\"https:\/\/enkurosgb.com.tr\/isyeri-hekimi-hizmeti\/\" rel=\"nofollow noopener\" target=\"_blank\"><strong class=\"text-color-hover-secondary font-weight-normal text-color-primary\">\u0130\u015fyeri Hekimi Hizmeti<\/strong><\/a><\/li>\n<li><i class=\"far fa-arrow-alt-circle-right pe-1 line-height-1\"><\/i><a href=\"https:\/\/enkurosgb.com.tr\/ortam-olcumleri-ve-periyodik-kontroller\/\" rel=\"nofollow noopener\" target=\"_blank\"><strong class=\"text-color-hover-secondary font-weight-normal text-color-primary\">Ortam \u00d6l\u00e7\u00fcmleri ve Periyodik Kontroller<\/strong><\/a><\/li>\n<li><i class=\"far fa-arrow-alt-circle-right pe-1 line-height-1\"><\/i><a href=\"https:\/\/enkurosgb.com.tr\/ozel-is-sagligi-ve-guvenligi-egitimleri\/\" rel=\"nofollow noopener\" target=\"_blank\"><strong class=\"text-color-hover-secondary font-weight-normal text-color-primary\">\u00d6zel \u0130\u015f Sa\u011fl\u0131\u011f\u0131 ve G\u00fcvenli\u011fi E\u011fitimleri<\/strong><\/a><\/li>\n<li><i class=\"far fa-arrow-alt-circle-right pe-1 line-height-1\"><\/i><a href=\"https:\/\/enkurosgb.com.tr\/patlamadan-korunma-dokumani\/\" rel=\"nofollow noopener\" target=\"_blank\"><strong class=\"text-color-hover-secondary font-weight-normal text-color-primary\">Patlamadan Korunma Dok\u00fcman\u0131<\/strong><\/a><\/li>\n<li><i class=\"far fa-arrow-alt-circle-right pe-1 line-height-1\"><\/i><a href=\"https:\/\/enkurosgb.com.tr\/risk-degerlendirmesi\/\" rel=\"nofollow noopener\" target=\"_blank\"><strong class=\"text-color-hover-secondary font-weight-normal text-color-primary\">Risk De\u011ferlendirmesi<\/strong><\/a><\/li>\n<li><i class=\"far fa-arrow-alt-circle-right pe-1 line-height-1\"><\/i><a href=\"https:\/\/enkurosgb.com.tr\/yangin-egitimi\/\" rel=\"nofollow noopener\" target=\"_blank\"><strong class=\"text-color-hover-secondary font-weight-normal text-color-primary\">Yang\u0131n E\u011fitimi<\/strong><\/a><\/li>\n<li><i class=\"far fa-arrow-alt-circle-right pe-1 line-height-1\"><\/i><a href=\"https:\/\/enkurosgb.com.tr\/saglik-ve-guvenlik-plani\/\" rel=\"nofollow noopener\" target=\"_blank\"><strong class=\"text-color-hover-secondary font-weight-normal text-color-primary\">Sa\u011fl\u0131k ve G\u00fcvenlik Plan\u0131<\/strong><\/a><\/li>\n<li><i class=\"far fa-arrow-alt-circle-right pe-1 line-height-1\"><\/i><a href=\"https:\/\/enkurosgb.com.tr\/saglik-taramalari-ve-periyodik-muayeneler\/\" rel=\"nofollow noopener\" target=\"_blank\"><strong class=\"text-color-hover-secondary font-weight-normal text-color-primary\">Sa\u011fl\u0131k Taramalar\u0131, Periyodik Muayeneler<\/strong><\/a><\/li>\n<\/ul>\n<\/li>\n<\/ul>\n<div class=\"col-lg-3\">\n<ul>\n<li style=\"list-style-type: none;\"><\/li>\n<\/ul>\n<\/div>\n<div class=\"col-lg-3\"><\/div>\n<div class=\"col-lg-3\"><\/div>\n<div class=\"col-lg-3\"><\/div>\n<ul>\n<li><i class=\"far fa-arrow-alt-circle-right pe-1 line-height-1\"><\/i><a href=\"https:\/\/enkurosgb.com.tr\/hakkimizda\/\" rel=\"nofollow noopener\" target=\"_blank\">Hakk\u0131m\u0131zda<\/a><\/li>\n<li><i class=\"far fa-arrow-alt-circle-right pe-1 line-height-1\"><\/i>Kurumsal\n<ul>\n<li><i class=\"far fa-arrow-alt-circle-right pe-1 line-height-1\"><\/i><a href=\"https:\/\/enkurosgb.com.tr\/projeler\/\" rel=\"nofollow noopener\" target=\"_blank\"><strong class=\"text-color-hover-secondary font-weight-normal text-color-primary\">Projeler<\/strong><\/a><\/li>\n<li><i class=\"far fa-arrow-alt-circle-right pe-1 line-height-1\"><\/i><a href=\"https:\/\/enkurosgb.com.tr\/referans\/\" rel=\"nofollow noopener\" target=\"_blank\"><strong class=\"text-color-hover-secondary font-weight-normal text-color-primary\">Referanslar<\/strong><\/a><\/li>\n<li><i class=\"far fa-arrow-alt-circle-right pe-1 line-height-1\"><\/i><a href=\"https:\/\/enkurosgb.com.tr\/testimonial\/\" rel=\"nofollow noopener\" target=\"_blank\"><strong class=\"text-color-hover-secondary font-weight-normal text-color-primary\">M\u00fc\u015fteri Yorumlar\u0131<\/strong><\/a><\/li>\n<li><i class=\"far fa-arrow-alt-circle-right pe-1 line-height-1\"><\/i><a href=\"https:\/\/enkurosgb.com.tr\/sss\/\" rel=\"nofollow noopener\" target=\"_blank\"><strong class=\"text-color-hover-secondary font-weight-normal text-color-primary\">S\u0131k Sorulan Sorular<\/strong><\/a><\/li>\n<li><i class=\"far fa-arrow-alt-circle-right pe-1 line-height-1\"><\/i><a href=\"https:\/\/enkurosgb.com.tr\/blog\/\" rel=\"nofollow noopener\" target=\"_blank\"><strong class=\"text-color-hover-secondary font-weight-normal text-color-primary\">Faydal\u0131 \u0130\u00e7erikler<\/strong><\/a><\/li>\n<li><i class=\"far fa-arrow-alt-circle-right pe-1 line-height-1\"><\/i><a href=\"https:\/\/enkurosgb.com.tr\/site-haritasi\/\" rel=\"nofollow noopener\" target=\"_blank\"><strong class=\"text-color-hover-secondary font-weight-normal text-color-primary\">Site Haritas\u0131<\/strong><\/a><\/li>\n<li><i class=\"far fa-arrow-alt-circle-right pe-1 line-height-1\"><\/i><a href=\"https:\/\/enkurosgb.com.tr\/enkur\/galeri\/?tur=belge\" rel=\"nofollow noopener\" target=\"_blank\"><strong class=\"text-color-hover-secondary font-weight-normal text-color-primary\">Belgeler<\/strong><\/a><\/li>\n<li><i class=\"far fa-arrow-alt-circle-right pe-1 line-height-1\"><\/i><a href=\"https:\/\/enkurosgb.com.tr\/#\" rel=\"nofollow noopener\" target=\"_blank\"><strong class=\"text-color-hover-secondary font-weight-normal text-color-primary\">Resimler<\/strong><\/a><\/li>\n<li><i class=\"far fa-arrow-alt-circle-right pe-1 line-height-1\"><\/i><a href=\"https:\/\/enkurosgb.com.tr\/enkur\/galeri\/?tur=video\" rel=\"nofollow noopener\" target=\"_blank\"><strong class=\"text-color-hover-secondary font-weight-normal text-color-primary\">Video<\/strong><\/a><\/li>\n<li><i class=\"far fa-arrow-alt-circle-right pe-1 line-height-1\"><\/i><a href=\"https:\/\/enkurosgb.com.tr\/hakkimizda\/kisisel-verilerin-korunmasi\/\" rel=\"nofollow noopener\" target=\"_blank\"><strong class=\"text-color-hover-secondary font-weight-normal text-color-primary\">Ki\u015fisel Verilerin Korunmas\u0131<\/strong><\/a><\/li>\n<li><i class=\"far fa-arrow-alt-circle-right pe-1 line-height-1\"><\/i><a href=\"https:\/\/enkurosgb.com.tr\/hakkimizda\/site-kullanim-kosullari\/\" rel=\"nofollow noopener\" target=\"_blank\"><strong class=\"text-color-hover-secondary font-weight-normal text-color-primary\">Site Kullan\u0131m Ko\u015fullar\u0131<\/strong><\/a><\/li>\n<li><i class=\"far fa-arrow-alt-circle-right pe-1 line-height-1\"><\/i><a href=\"https:\/\/enkurosgb.com.tr\/hakkimizda\/gizlilik-politikasi\/\" rel=\"nofollow noopener\" target=\"_blank\"><strong class=\"text-color-hover-secondary font-weight-normal text-color-primary\">Gizlilik Politikas\u0131<\/strong><\/a><\/li>\n<\/ul>\n<\/li>\n<\/ul>\n<div class=\"col-lg-3\">\n<ul>\n<li style=\"list-style-type: none;\"><\/li>\n<\/ul>\n<\/div>\n<div class=\"col-lg-3\"><\/div>\n<div class=\"col-lg-3\"><\/div>\n<div class=\"col-lg-3\"><\/div>\n<ul>\n<li><i class=\"far fa-arrow-alt-circle-right pe-1 line-height-1\"><\/i><a href=\"https:\/\/enkurosgb.com.tr\/duyuru-cat\/bizden-haberler\/\" rel=\"nofollow noopener\" target=\"_blank\">Bizden Haberler<\/a><\/li>\n<li><i class=\"far fa-arrow-alt-circle-right pe-1 line-height-1\"><\/i><a href=\"https:\/\/enkurosgb.com.tr\/iletisim\/\" rel=\"nofollow noopener\" target=\"_blank\">\u0130leti\u015fim<\/a><\/li>\n<\/ul>\n","protected":false},"excerpt":{"rendered":"<p>Enkur OSGB site haritas\u0131. Bu sayfadan site i\u00e7eriklerinin nerede ve nas\u0131l listelendi\u011fi anlaman\u0131z a\u00e7\u0131s\u0131ndan olu\u015fturulmu\u015ftur. H\u0131zl\u0131 ve kolay kullan\u0131m amac\u0131 ile yay\u0131na al\u0131nm\u0131\u015ft\u0131r.<\/p>\n","protected":false},"author":1,"featured_media":0,"parent":0,"menu_order":0,"comment_status":"closed","ping_status":"closed","template":"","meta":{"footnotes":""},"class_list":["post-9663","page","type-page","status-publish","hentry"],"_links":{"self":[{"href":"https:\/\/www.modesolardesign.com\/en\/wp-json\/wp\/v2\/pages\/9663","targetHints":{"allow":["GET"]}}],"collection":[{"href":"https:\/\/www.modesolardesign.com\/en\/wp-json\/wp\/v2\/pages"}],"about":[{"href":"https:\/\/www.modesolardesign.com\/en\/wp-json\/wp\/v2\/types\/page"}],"author":[{"embeddable":true,"href":"https:\/\/www.modesolardesign.com\/en\/wp-json\/wp\/v2\/users\/1"}],"replies":[{"embeddable":true,"href":"https:\/\/www.modesolardesign.com\/en\/wp-json\/wp\/v2\/comments?post=9663"}],"version-history":[{"count":13,"href":"https:\/\/www.modesolardesign.com\/en\/wp-json\/wp\/v2\/pages\/9663\/revisions"}],"predecessor-version":[{"id":10385,"href":"https:\/\/www.modesolardesign.com\/en\/wp-json\/wp\/v2\/pages\/9663\/revisions\/10385"}],"wp:attachment":[{"href":"https:\/\/www.modesolardesign.com\/en\/wp-json\/wp\/v2\/media?parent=9663"}],"curies":[{"name":"wp","href":"https:\/\/api.w.org\/{rel}","templated":true}]}}